{"id":634,"date":"2023-11-16T20:11:53","date_gmt":"2023-11-16T20:11:53","guid":{"rendered":"https:\/\/extravagance.es\/index.php\/product\/camiseta-clasica-hombre-4\/"},"modified":"2024-11-07T15:39:08","modified_gmt":"2024-11-07T15:39:08","slug":"camiseta-clasica-hombre-4","status":"publish","type":"product","link":"https:\/\/extravagance.es\/index.php\/product\/camiseta-clasica-hombre-4\/","title":{"rendered":"Camiseta cl\u00e1sica hombre"},"content":{"rendered":"<p>La camiseta cl\u00e1sica para hombre 100% algod\u00f3n te ayuda a conseguir una imagen m\u00e1s estructurada. Queda muy bien, mantiene las l\u00edneas rectas en los bordes y queda genial con outfits por capas. Adem\u00e1s, \u00a1ahora est\u00e1 muy de moda! <\/p>\n<p>\u2022 100% algod\u00f3n<br \/>\n\u2022 El tono Sport Grey es 90% algod\u00f3n y 10% poli\u00e9ster<br \/>\n\u2022 El tono Ash Grey es 99% algod\u00f3n y 1% poli\u00e9ster<br \/>\n\u2022 Los tonos Heather son 50% algod\u00f3n y 50% poli\u00e9ster<br \/>\n\u2022 Peso del tejido: 170\u2013180 g\/m\u00b2 (5.0\u20135.3 oz\/yd\u00b2) <br \/>\n\u2022 Tejido tubular<br \/>\n\u2022 Cuello y hombros con reborde<br \/>\n\u2022 Doble costura en mangas y dobladillo inferior<br \/>\n\u2022 Producto base procedente de Honduras, Nicaragua, Hait\u00ed, Rep\u00fablica Dominicana, Banglad\u00e9s, M\u00e9xico<\/p>\n","protected":false},"excerpt":{"rendered":"<p>La camiseta cl\u00e1sica para hombre 100% algod\u00f3n te ayuda a conseguir una imagen m\u00e1s estructurada. Queda muy bien, mantiene las l\u00edneas rectas en los bordes y queda genial con outfits por capas. Adem\u00e1s, \u00a1ahora est\u00e1 muy de moda! \u2022 100% algod\u00f3n \u2022 El tono Sport Grey es 90% algod\u00f3n y 10% poli\u00e9ster \u2022 El tono &hellip;<\/p>\n<p class=\"read-more\"> <a class=\"\" href=\"https:\/\/extravagance.es\/index.php\/product\/camiseta-clasica-hombre-4\/\"> <span class=\"screen-reader-text\">Camiseta cl\u00e1sica hombre<\/span> Leer m\u00e1s &raquo;<\/a><\/p>\n","protected":false},"featured_media":0,"comment_status":"open","ping_status":"closed","template":"","meta":{"_uag_custom_page_level_css":"","site-sidebar-layout":"default","site-content-layout":"","ast-site-content-layout":"","site-content-style":"default","site-sidebar-style":"default","ast-global-header-display":"","ast-banner-title-visibility":"","ast-main-header-display":"","ast-hfb-above-header-display":"","ast-hfb-below-header-display":"","ast-hfb-mobile-header-display":"","site-post-title":"","ast-breadcrumbs-content":"","ast-featured-img":"","footer-sml-layout":"","theme-transparent-header-meta":"","adv-header-id-meta":"","stick-header-meta":"","header-above-stick-meta":"","header-main-stick-meta":"","header-below-stick-meta":"","astra-migrate-meta-layouts":"","ast-page-background-enabled":"default","ast-page-background-meta":{"desktop":{"background-color":"var(--ast-global-color-4)","background-image":"","background-repeat":"repeat","background-position":"center center","background-size":"auto","background-attachment":"scroll","background-type":"","background-media":"","overlay-type":"","overlay-color":"","overlay-gradient":""},"tablet":{"background-color":"","background-image":"","background-repeat":"repeat","background-position":"center center","background-size":"auto","background-attachment":"scroll","background-type":"","background-media":"","overlay-type":"","overlay-color":"","overlay-gradient":""},"mobile":{"background-color":"","background-image":"","background-repeat":"repeat","background-position":"center center","background-size":"auto","background-attachment":"scroll","background-type":"","background-media":"","overlay-type":"","overlay-color":"","overlay-gradient":""}},"ast-content-background-meta":{"desktop":{"background-color":"var(--ast-global-color-5)","background-image":"","background-repeat":"repeat","background-position":"center center","background-size":"auto","background-attachment":"scroll","background-type":"","background-media":"","overlay-type":"","overlay-color":"","overlay-gradient":""},"tablet":{"background-color":"var(--ast-global-color-5)","background-image":"","background-repeat":"repeat","background-position":"center center","background-size":"auto","background-attachment":"scroll","background-type":"","background-media":"","overlay-type":"","overlay-color":"","overlay-gradient":""},"mobile":{"background-color":"var(--ast-global-color-5)","background-image":"","background-repeat":"repeat","background-position":"center center","background-size":"auto","background-attachment":"scroll","background-type":"","background-media":"","overlay-type":"","overlay-color":"","overlay-gradient":""}},"_joinchat":[]},"product_cat":[15],"product_tag":[],"yoast_head":"<!-- This site is optimized with the Yoast SEO plugin v21.5 - https:\/\/yoast.com\/wordpress\/plugins\/seo\/ -->\n<title>Camiseta cl\u00e1sica hombre - EXTRAVAGANCE<\/title>\n<meta name=\"robots\" content=\"index, follow, max-snippet:-1, max-image-preview:large, max-video-preview:-1\" \/>\n<link rel=\"canonical\" href=\"https:\/\/extravagance.es\/index.php\/product\/camiseta-clasica-hombre-4\/\" \/>\n<meta property=\"og:locale\" content=\"es_ES\" \/>\n<meta property=\"og:type\" content=\"article\" \/>\n<meta property=\"og:title\" content=\"Camiseta cl\u00e1sica hombre - EXTRAVAGANCE\" \/>\n<meta property=\"og:description\" content=\"La camiseta cl\u00e1sica para hombre 100% algod\u00f3n te ayuda a conseguir una imagen m\u00e1s estructurada. Queda muy bien, mantiene las l\u00edneas rectas en los bordes y queda genial con outfits por capas. Adem\u00e1s, \u00a1ahora est\u00e1 muy de moda! \u2022 100% algod\u00f3n \u2022 El tono Sport Grey es 90% algod\u00f3n y 10% poli\u00e9ster \u2022 El tono &hellip; Camiseta cl\u00e1sica hombre Leer m\u00e1s &raquo;\" \/>\n<meta property=\"og:url\" content=\"https:\/\/extravagance.es\/index.php\/product\/camiseta-clasica-hombre-4\/\" \/>\n<meta property=\"og:site_name\" content=\"EXTRAVAGANCE\" \/>\n<meta property=\"article:modified_time\" content=\"2024-11-07T15:39:08+00:00\" \/>\n<meta property=\"og:image\" content=\"https:\/\/extravagance.es\/wp-content\/uploads\/2023\/11\/mens-classic-tee-white-front-65567778dcc61.jpg\" \/>\n\t<meta property=\"og:image:width\" content=\"2000\" \/>\n\t<meta property=\"og:image:height\" content=\"2000\" \/>\n\t<meta property=\"og:image:type\" content=\"image\/jpeg\" \/>\n<meta name=\"twitter:card\" content=\"summary_large_image\" \/>\n<meta name=\"twitter:label1\" content=\"Tiempo de lectura\" \/>\n\t<meta name=\"twitter:data1\" content=\"1 minuto\" \/>\n<script type=\"application\/ld+json\" class=\"yoast-schema-graph\">{\"@context\":\"https:\/\/schema.org\",\"@graph\":[{\"@type\":\"WebPage\",\"@id\":\"https:\/\/extravagance.es\/index.php\/product\/camiseta-clasica-hombre-4\/\",\"url\":\"https:\/\/extravagance.es\/index.php\/product\/camiseta-clasica-hombre-4\/\",\"name\":\"Camiseta cl\u00e1sica hombre - EXTRAVAGANCE\",\"isPartOf\":{\"@id\":\"https:\/\/extravagance.es\/#website\"},\"datePublished\":\"2023-11-16T20:11:53+00:00\",\"dateModified\":\"2024-11-07T15:39:08+00:00\",\"breadcrumb\":{\"@id\":\"https:\/\/extravagance.es\/index.php\/product\/camiseta-clasica-hombre-4\/#breadcrumb\"},\"inLanguage\":\"es\",\"potentialAction\":[{\"@type\":\"ReadAction\",\"target\":[\"https:\/\/extravagance.es\/index.php\/product\/camiseta-clasica-hombre-4\/\"]}]},{\"@type\":\"BreadcrumbList\",\"@id\":\"https:\/\/extravagance.es\/index.php\/product\/camiseta-clasica-hombre-4\/#breadcrumb\",\"itemListElement\":[{\"@type\":\"ListItem\",\"position\":1,\"name\":\"Portada\",\"item\":\"https:\/\/extravagance.es\/\"},{\"@type\":\"ListItem\",\"position\":2,\"name\":\"Tienda\",\"item\":\"https:\/\/extravagance.es\/index.php\/tienda\/\"},{\"@type\":\"ListItem\",\"position\":3,\"name\":\"Camiseta cl\u00e1sica hombre\"}]},{\"@type\":\"WebSite\",\"@id\":\"https:\/\/extravagance.es\/#website\",\"url\":\"https:\/\/extravagance.es\/\",\"name\":\"EXTRAVAGANCE\",\"description\":\"\",\"publisher\":{\"@id\":\"https:\/\/extravagance.es\/#organization\"},\"potentialAction\":[{\"@type\":\"SearchAction\",\"target\":{\"@type\":\"EntryPoint\",\"urlTemplate\":\"https:\/\/extravagance.es\/?s={search_term_string}\"},\"query-input\":\"required name=search_term_string\"}],\"inLanguage\":\"es\"},{\"@type\":\"Organization\",\"@id\":\"https:\/\/extravagance.es\/#organization\",\"name\":\"EXTRAVAGANCE\",\"url\":\"https:\/\/extravagance.es\/\",\"logo\":{\"@type\":\"ImageObject\",\"inLanguage\":\"es\",\"@id\":\"https:\/\/extravagance.es\/#\/schema\/logo\/image\/\",\"url\":\"https:\/\/extravagance.es\/wp-content\/uploads\/2023\/11\/cropped-cropped-LOGO-EX-TRANSPARENTE.png\",\"contentUrl\":\"https:\/\/extravagance.es\/wp-content\/uploads\/2023\/11\/cropped-cropped-LOGO-EX-TRANSPARENTE.png\",\"width\":863,\"height\":896,\"caption\":\"EXTRAVAGANCE\"},\"image\":{\"@id\":\"https:\/\/extravagance.es\/#\/schema\/logo\/image\/\"}}]}<\/script>\n<!-- \/ Yoast SEO plugin. -->","yoast_head_json":{"title":"Camiseta cl\u00e1sica hombre - EXTRAVAGANCE","robots":{"index":"index","follow":"follow","max-snippet":"max-snippet:-1","max-image-preview":"max-image-preview:large","max-video-preview":"max-video-preview:-1"},"canonical":"https:\/\/extravagance.es\/index.php\/product\/camiseta-clasica-hombre-4\/","og_locale":"es_ES","og_type":"article","og_title":"Camiseta cl\u00e1sica hombre - EXTRAVAGANCE","og_description":"La camiseta cl\u00e1sica para hombre 100% algod\u00f3n te ayuda a conseguir una imagen m\u00e1s estructurada. Queda muy bien, mantiene las l\u00edneas rectas en los bordes y queda genial con outfits por capas. Adem\u00e1s, \u00a1ahora est\u00e1 muy de moda! \u2022 100% algod\u00f3n \u2022 El tono Sport Grey es 90% algod\u00f3n y 10% poli\u00e9ster \u2022 El tono &hellip; Camiseta cl\u00e1sica hombre Leer m\u00e1s &raquo;","og_url":"https:\/\/extravagance.es\/index.php\/product\/camiseta-clasica-hombre-4\/","og_site_name":"EXTRAVAGANCE","article_modified_time":"2024-11-07T15:39:08+00:00","og_image":[{"width":2000,"height":2000,"url":"https:\/\/extravagance.es\/wp-content\/uploads\/2023\/11\/mens-classic-tee-white-front-65567778dcc61.jpg","type":"image\/jpeg"}],"twitter_card":"summary_large_image","twitter_misc":{"Tiempo de lectura":"1 minuto"},"schema":{"@context":"https:\/\/schema.org","@graph":[{"@type":"WebPage","@id":"https:\/\/extravagance.es\/index.php\/product\/camiseta-clasica-hombre-4\/","url":"https:\/\/extravagance.es\/index.php\/product\/camiseta-clasica-hombre-4\/","name":"Camiseta cl\u00e1sica hombre - EXTRAVAGANCE","isPartOf":{"@id":"https:\/\/extravagance.es\/#website"},"datePublished":"2023-11-16T20:11:53+00:00","dateModified":"2024-11-07T15:39:08+00:00","breadcrumb":{"@id":"https:\/\/extravagance.es\/index.php\/product\/camiseta-clasica-hombre-4\/#breadcrumb"},"inLanguage":"es","potentialAction":[{"@type":"ReadAction","target":["https:\/\/extravagance.es\/index.php\/product\/camiseta-clasica-hombre-4\/"]}]},{"@type":"BreadcrumbList","@id":"https:\/\/extravagance.es\/index.php\/product\/camiseta-clasica-hombre-4\/#breadcrumb","itemListElement":[{"@type":"ListItem","position":1,"name":"Portada","item":"https:\/\/extravagance.es\/"},{"@type":"ListItem","position":2,"name":"Tienda","item":"https:\/\/extravagance.es\/index.php\/tienda\/"},{"@type":"ListItem","position":3,"name":"Camiseta cl\u00e1sica hombre"}]},{"@type":"WebSite","@id":"https:\/\/extravagance.es\/#website","url":"https:\/\/extravagance.es\/","name":"EXTRAVAGANCE","description":"","publisher":{"@id":"https:\/\/extravagance.es\/#organization"},"potentialAction":[{"@type":"SearchAction","target":{"@type":"EntryPoint","urlTemplate":"https:\/\/extravagance.es\/?s={search_term_string}"},"query-input":"required name=search_term_string"}],"inLanguage":"es"},{"@type":"Organization","@id":"https:\/\/extravagance.es\/#organization","name":"EXTRAVAGANCE","url":"https:\/\/extravagance.es\/","logo":{"@type":"ImageObject","inLanguage":"es","@id":"https:\/\/extravagance.es\/#\/schema\/logo\/image\/","url":"https:\/\/extravagance.es\/wp-content\/uploads\/2023\/11\/cropped-cropped-LOGO-EX-TRANSPARENTE.png","contentUrl":"https:\/\/extravagance.es\/wp-content\/uploads\/2023\/11\/cropped-cropped-LOGO-EX-TRANSPARENTE.png","width":863,"height":896,"caption":"EXTRAVAGANCE"},"image":{"@id":"https:\/\/extravagance.es\/#\/schema\/logo\/image\/"}}]}},"uagb_featured_image_src":{"full":false,"thumbnail":false,"medium":false,"medium_large":false,"large":false,"1536x1536":false,"2048x2048":false,"woocommerce_thumbnail":false,"woocommerce_single":false,"woocommerce_gallery_thumbnail":false},"uagb_author_info":{"display_name":"extravagance.es","author_link":"https:\/\/extravagance.es\/index.php\/author\/"},"uagb_comment_info":1,"uagb_excerpt":"La camiseta cl\u00e1sica para hombre 100% algod\u00f3n te ayuda a conseguir una imagen m\u00e1s estructurada. Queda muy bien, mantiene las l\u00edneas rectas en los bordes y queda genial con outfits por capas. Adem\u00e1s, \u00a1ahora est\u00e1 muy de moda! \u2022 100% algod\u00f3n \u2022 El tono Sport Grey es 90% algod\u00f3n y 10% poli\u00e9ster \u2022 El tono&hellip;","_links":{"self":[{"href":"https:\/\/extravagance.es\/index.php\/wp-json\/wp\/v2\/product\/634"}],"collection":[{"href":"https:\/\/extravagance.es\/index.php\/wp-json\/wp\/v2\/product"}],"about":[{"href":"https:\/\/extravagance.es\/index.php\/wp-json\/wp\/v2\/types\/product"}],"replies":[{"embeddable":true,"href":"https:\/\/extravagance.es\/index.php\/wp-json\/wp\/v2\/comments?post=634"}],"wp:attachment":[{"href":"https:\/\/extravagance.es\/index.php\/wp-json\/wp\/v2\/media?parent=634"}],"wp:term":[{"taxonomy":"product_cat","embeddable":true,"href":"https:\/\/extravagance.es\/index.php\/wp-json\/wp\/v2\/product_cat?post=634"},{"taxonomy":"product_tag","embeddable":true,"href":"https:\/\/extravagance.es\/index.php\/wp-json\/wp\/v2\/product_tag?post=634"}],"curies":[{"name":"wp","href":"https:\/\/api.w.org\/{rel}","templated":true}]}}