{"id":171,"date":"2023-09-24T07:07:32","date_gmt":"2023-09-24T07:07:32","guid":{"rendered":"https:\/\/extravagance.es\/?post_type=product&#038;p=171"},"modified":"2024-07-01T20:45:22","modified_gmt":"2024-07-01T20:45:22","slug":"polo-de-golf-pina-colada","status":"publish","type":"product","link":"https:\/\/extravagance.es\/index.php\/product\/polo-de-golf-pina-colada\/","title":{"rendered":"Polo de Golf Pi\u00f1a Colada"},"content":{"rendered":"<p><span style=\"color: #000000;\"><a href=\"https:\/\/extravagance.es\/index.php\/product\/polo-de-golf-pina-colada\/\">\u00a0Polo de golf Pi\u00f1a Colada<\/a> de la mejor calidad, 88% Poli\u00e9ster 12% Elastano. Perfecto para cualquier tipo de deporte. Este polo de golf es ligero y el\u00e1stico permitiendo una gran libertad de movimiento. Transpirable al 100% y con el logotipo en el cuello.<\/span><\/p>\n<p><span style=\"color: #000000;\">El cuello se ajusta perfectamente y es un poco mas duro para mantener siempre su forma. Este polo de golf Pi\u00f1a Colada es perfecto para jugar en verano pero tambi\u00e9n en invierno. Abrochando el ultimo bot\u00f3n conseguimos que el cuello quede perfecto para cuando nos pongamos el jersey en esas ma\u00f1anas mas frescas, siempre con la m\u00e1xima comodidad y una apariencia elegante como si llevaras una camisa.<\/span><\/p>\n<p><span style=\"color: #000000;\">Tallaje en Cm.<\/span><\/p>\n<table width=\"522\">\n<tbody>\n<tr>\n<td width=\"122\"><\/td>\n<td width=\"80\"><span style=\"color: #000000;\">S<\/span><\/td>\n<td width=\"80\"><span style=\"color: #000000;\">M<\/span><\/td>\n<td width=\"80\"><span style=\"color: #000000;\">L<\/span><\/td>\n<td width=\"80\"><span style=\"color: #000000;\">XL<\/span><\/td>\n<td width=\"80\"><span style=\"color: #000000;\">XXL<\/span><\/td>\n<\/tr>\n<tr>\n<td><span style=\"color: #000000;\">LENGTH \/ LARGO<\/span><\/td>\n<td><span style=\"color: #000000;\">71<\/span><\/td>\n<td><span style=\"color: #000000;\">72<\/span><\/td>\n<td><span style=\"color: #000000;\">73<\/span><\/td>\n<td><span style=\"color: #000000;\">76<\/span><\/td>\n<td><span style=\"color: #000000;\">78<\/span><\/td>\n<\/tr>\n<tr>\n<td><span style=\"color: #000000;\">CHEST \/ PECHO<\/span><\/td>\n<td><span style=\"color: #000000;\">96<\/span><\/td>\n<td><span style=\"color: #000000;\">102<\/span><\/td>\n<td><span style=\"color: #000000;\">110<\/span><\/td>\n<td><span style=\"color: #000000;\">114<\/span><\/td>\n<td><span style=\"color: #000000;\">120<\/span><\/td>\n<\/tr>\n<tr>\n<td><span style=\"color: #000000;\">SLEEVE \/ MANGA<\/span><\/td>\n<td><span style=\"color: #000000;\">22<\/span><\/td>\n<td><span style=\"color: #000000;\">22<\/span><\/td>\n<td><span style=\"color: #000000;\">23<\/span><\/td>\n<td><span style=\"color: #000000;\">24<\/span><\/td>\n<td><span style=\"color: #000000;\">24<\/span><\/td>\n<\/tr>\n<\/tbody>\n<\/table>\n<p>&nbsp;<\/p>\n","protected":false},"excerpt":{"rendered":"<p><span style=\"color: #000000;\">Polo de golf de la mejor calidad, 88% Poli\u00e9ster 12% Elastano. Perfecto para cualquier tipo de deporte. Este polo de golf es ligero y el\u00e1stico permitiendo una gran libertad de movimiento. Transpirable al 100% y con el logotipo en el cuello.<\/span><\/p>\n<p><span style=\"color: #000000;\">El modelo mide 175cm y pesa unos 70kg. Utiliza la talla S<\/span><\/p>\n","protected":false},"featured_media":84,"comment_status":"open","ping_status":"closed","template":"","meta":{"_uag_custom_page_level_css":"","site-sidebar-layout":"default","site-content-layout":"default","ast-site-content-layout":"default","site-content-style":"default","site-sidebar-style":"default","ast-global-header-display":"","ast-banner-title-visibility":"","ast-main-header-display":"","ast-hfb-above-header-display":"","ast-hfb-below-header-display":"","ast-hfb-mobile-header-display":"","site-post-title":"","ast-breadcrumbs-content":"","ast-featured-img":"","footer-sml-layout":"","ast-disable-related-posts":"","theme-transparent-header-meta":"default","adv-header-id-meta":"","stick-header-meta":"","header-above-stick-meta":"","header-main-stick-meta":"","header-below-stick-meta":"","astra-migrate-meta-layouts":"set","ast-page-background-enabled":"default","ast-page-background-meta":{"desktop":{"background-color":"var(--ast-global-color-4)","background-image":"","background-repeat":"repeat","background-position":"center center","background-size":"auto","background-attachment":"scroll","background-type":"","background-media":"","overlay-type":"","overlay-color":"","overlay-opacity":"","overlay-gradient":""},"tablet":{"background-color":"","background-image":"","background-repeat":"repeat","background-position":"center center","background-size":"auto","background-attachment":"scroll","background-type":"","background-media":"","overlay-type":"","overlay-color":"","overlay-opacity":"","overlay-gradient":""},"mobile":{"background-color":"","background-image":"","background-repeat":"repeat","background-position":"center center","background-size":"auto","background-attachment":"scroll","background-type":"","background-media":"","overlay-type":"","overlay-color":"","overlay-opacity":"","overlay-gradient":""}},"ast-content-background-meta":{"desktop":{"background-color":"var(--ast-global-color-5)","background-image":"","background-repeat":"repeat","background-position":"center center","background-size":"auto","background-attachment":"scroll","background-type":"","background-media":"","overlay-type":"","overlay-color":"","overlay-opacity":"","overlay-gradient":""},"tablet":{"background-color":"var(--ast-global-color-5)","background-image":"","background-repeat":"repeat","background-position":"center center","background-size":"auto","background-attachment":"scroll","background-type":"","background-media":"","overlay-type":"","overlay-color":"","overlay-opacity":"","overlay-gradient":""},"mobile":{"background-color":"var(--ast-global-color-5)","background-image":"","background-repeat":"repeat","background-position":"center center","background-size":"auto","background-attachment":"scroll","background-type":"","background-media":"","overlay-type":"","overlay-color":"","overlay-opacity":"","overlay-gradient":""}},"_joinchat":[]},"product_brand":[],"product_cat":[15],"product_tag":[],"class_list":{"0":"post-171","1":"product","2":"type-product","3":"status-publish","4":"has-post-thumbnail","6":"product_cat-polo-de-golf","7":"desktop-align-center","8":"tablet-align-left","9":"mobile-align-left","11":"first","12":"instock","13":"sale","14":"taxable","15":"shipping-taxable","16":"purchasable","17":"product-type-variable"},"yoast_head":"<!-- This site is optimized with the Yoast SEO plugin v27.4 - https:\/\/yoast.com\/product\/yoast-seo-wordpress\/ -->\n<title>Polo de Golf Pi\u00f1a Colada - EXTRAVAGANCE<\/title>\n<meta name=\"description\" content=\"Polo de Golf Pi\u00f1a Colada. Polo de golf 88% Poli\u00e9ster 12% Elastano. Perfecto para cualquier tipo de deporte. Es ligero y el\u00e1stico para una mejor movilidad.\" \/>\n<meta name=\"robots\" content=\"index, follow, max-snippet:-1, max-image-preview:large, max-video-preview:-1\" \/>\n<link rel=\"canonical\" href=\"https:\/\/extravagance.es\/index.php\/product\/polo-de-golf-pina-colada\/\" \/>\n<meta property=\"og:locale\" content=\"es_ES\" \/>\n<meta property=\"og:type\" content=\"article\" \/>\n<meta property=\"og:title\" content=\"Polo de Golf Pi\u00f1a Colada - EXTRAVAGANCE\" \/>\n<meta property=\"og:description\" content=\"Polo de Golf Pi\u00f1a Colada. Polo de golf 88% Poli\u00e9ster 12% Elastano. Perfecto para cualquier tipo de deporte. Es ligero y el\u00e1stico para una mejor movilidad.\" \/>\n<meta property=\"og:url\" content=\"https:\/\/extravagance.es\/index.php\/product\/polo-de-golf-pina-colada\/\" \/>\n<meta property=\"og:site_name\" content=\"EXTRAVAGANCE\" \/>\n<meta property=\"article:modified_time\" content=\"2024-07-01T20:45:22+00:00\" \/>\n<meta property=\"og:image\" content=\"http:\/\/extravagance.es\/wp-content\/uploads\/2023\/09\/IMG_1504-scaled.jpg\" \/>\n\t<meta property=\"og:image:width\" content=\"1920\" \/>\n\t<meta property=\"og:image:height\" content=\"2560\" \/>\n\t<meta property=\"og:image:type\" content=\"image\/jpeg\" \/>\n<meta name=\"twitter:card\" content=\"summary_large_image\" \/>\n<meta name=\"twitter:label1\" content=\"Tiempo de lectura\" \/>\n\t<meta name=\"twitter:data1\" content=\"1 minuto\" \/>\n<script type=\"application\/ld+json\" class=\"yoast-schema-graph\">{\"@context\":\"https:\\\/\\\/schema.org\",\"@graph\":[{\"@type\":\"WebPage\",\"@id\":\"https:\\\/\\\/extravagance.es\\\/index.php\\\/product\\\/polo-de-golf-pina-colada\\\/\",\"url\":\"https:\\\/\\\/extravagance.es\\\/index.php\\\/product\\\/polo-de-golf-pina-colada\\\/\",\"name\":\"Polo de Golf Pi\u00f1a Colada - EXTRAVAGANCE\",\"isPartOf\":{\"@id\":\"https:\\\/\\\/extravagance.es\\\/#website\"},\"primaryImageOfPage\":{\"@id\":\"https:\\\/\\\/extravagance.es\\\/index.php\\\/product\\\/polo-de-golf-pina-colada\\\/#primaryimage\"},\"image\":{\"@id\":\"https:\\\/\\\/extravagance.es\\\/index.php\\\/product\\\/polo-de-golf-pina-colada\\\/#primaryimage\"},\"thumbnailUrl\":\"https:\\\/\\\/extravagance.es\\\/wp-content\\\/uploads\\\/2023\\\/09\\\/IMG_1504-scaled.jpg\",\"datePublished\":\"2023-09-24T07:07:32+00:00\",\"dateModified\":\"2024-07-01T20:45:22+00:00\",\"description\":\"Polo de Golf Pi\u00f1a Colada. Polo de golf 88% Poli\u00e9ster 12% Elastano. Perfecto para cualquier tipo de deporte. Es ligero y el\u00e1stico para una mejor movilidad.\",\"breadcrumb\":{\"@id\":\"https:\\\/\\\/extravagance.es\\\/index.php\\\/product\\\/polo-de-golf-pina-colada\\\/#breadcrumb\"},\"inLanguage\":\"es\",\"potentialAction\":[{\"@type\":\"ReadAction\",\"target\":[\"https:\\\/\\\/extravagance.es\\\/index.php\\\/product\\\/polo-de-golf-pina-colada\\\/\"]}]},{\"@type\":\"ImageObject\",\"inLanguage\":\"es\",\"@id\":\"https:\\\/\\\/extravagance.es\\\/index.php\\\/product\\\/polo-de-golf-pina-colada\\\/#primaryimage\",\"url\":\"https:\\\/\\\/extravagance.es\\\/wp-content\\\/uploads\\\/2023\\\/09\\\/IMG_1504-scaled.jpg\",\"contentUrl\":\"https:\\\/\\\/extravagance.es\\\/wp-content\\\/uploads\\\/2023\\\/09\\\/IMG_1504-scaled.jpg\",\"width\":1920,\"height\":2560},{\"@type\":\"BreadcrumbList\",\"@id\":\"https:\\\/\\\/extravagance.es\\\/index.php\\\/product\\\/polo-de-golf-pina-colada\\\/#breadcrumb\",\"itemListElement\":[{\"@type\":\"ListItem\",\"position\":1,\"name\":\"Portada\",\"item\":\"https:\\\/\\\/extravagance.es\\\/\"},{\"@type\":\"ListItem\",\"position\":2,\"name\":\"Tienda\",\"item\":\"https:\\\/\\\/extravagance.es\\\/index.php\\\/tienda\\\/\"},{\"@type\":\"ListItem\",\"position\":3,\"name\":\"Polo de Golf Pi\u00f1a Colada\"}]},{\"@type\":\"WebSite\",\"@id\":\"https:\\\/\\\/extravagance.es\\\/#website\",\"url\":\"https:\\\/\\\/extravagance.es\\\/\",\"name\":\"EXTRAVAGANCE\",\"description\":\"\",\"publisher\":{\"@id\":\"https:\\\/\\\/extravagance.es\\\/#organization\"},\"potentialAction\":[{\"@type\":\"SearchAction\",\"target\":{\"@type\":\"EntryPoint\",\"urlTemplate\":\"https:\\\/\\\/extravagance.es\\\/?s={search_term_string}\"},\"query-input\":{\"@type\":\"PropertyValueSpecification\",\"valueRequired\":true,\"valueName\":\"search_term_string\"}}],\"inLanguage\":\"es\"},{\"@type\":\"Organization\",\"@id\":\"https:\\\/\\\/extravagance.es\\\/#organization\",\"name\":\"EXTRAVAGANCE\",\"url\":\"https:\\\/\\\/extravagance.es\\\/\",\"logo\":{\"@type\":\"ImageObject\",\"inLanguage\":\"es\",\"@id\":\"https:\\\/\\\/extravagance.es\\\/#\\\/schema\\\/logo\\\/image\\\/\",\"url\":\"https:\\\/\\\/extravagance.es\\\/wp-content\\\/uploads\\\/2023\\\/11\\\/cropped-cropped-LOGO-EX-TRANSPARENTE.png\",\"contentUrl\":\"https:\\\/\\\/extravagance.es\\\/wp-content\\\/uploads\\\/2023\\\/11\\\/cropped-cropped-LOGO-EX-TRANSPARENTE.png\",\"width\":863,\"height\":896,\"caption\":\"EXTRAVAGANCE\"},\"image\":{\"@id\":\"https:\\\/\\\/extravagance.es\\\/#\\\/schema\\\/logo\\\/image\\\/\"}}]}<\/script>\n<!-- \/ Yoast SEO plugin. -->","yoast_head_json":{"title":"Polo de Golf Pi\u00f1a Colada - EXTRAVAGANCE","description":"Polo de Golf Pi\u00f1a Colada. Polo de golf 88% Poli\u00e9ster 12% Elastano. Perfecto para cualquier tipo de deporte. Es ligero y el\u00e1stico para una mejor movilidad.","robots":{"index":"index","follow":"follow","max-snippet":"max-snippet:-1","max-image-preview":"max-image-preview:large","max-video-preview":"max-video-preview:-1"},"canonical":"https:\/\/extravagance.es\/index.php\/product\/polo-de-golf-pina-colada\/","og_locale":"es_ES","og_type":"article","og_title":"Polo de Golf Pi\u00f1a Colada - EXTRAVAGANCE","og_description":"Polo de Golf Pi\u00f1a Colada. Polo de golf 88% Poli\u00e9ster 12% Elastano. Perfecto para cualquier tipo de deporte. Es ligero y el\u00e1stico para una mejor movilidad.","og_url":"https:\/\/extravagance.es\/index.php\/product\/polo-de-golf-pina-colada\/","og_site_name":"EXTRAVAGANCE","article_modified_time":"2024-07-01T20:45:22+00:00","og_image":[{"width":1920,"height":2560,"url":"http:\/\/extravagance.es\/wp-content\/uploads\/2023\/09\/IMG_1504-scaled.jpg","type":"image\/jpeg"}],"twitter_card":"summary_large_image","twitter_misc":{"Tiempo de lectura":"1 minuto"},"schema":{"@context":"https:\/\/schema.org","@graph":[{"@type":"WebPage","@id":"https:\/\/extravagance.es\/index.php\/product\/polo-de-golf-pina-colada\/","url":"https:\/\/extravagance.es\/index.php\/product\/polo-de-golf-pina-colada\/","name":"Polo de Golf Pi\u00f1a Colada - EXTRAVAGANCE","isPartOf":{"@id":"https:\/\/extravagance.es\/#website"},"primaryImageOfPage":{"@id":"https:\/\/extravagance.es\/index.php\/product\/polo-de-golf-pina-colada\/#primaryimage"},"image":{"@id":"https:\/\/extravagance.es\/index.php\/product\/polo-de-golf-pina-colada\/#primaryimage"},"thumbnailUrl":"https:\/\/extravagance.es\/wp-content\/uploads\/2023\/09\/IMG_1504-scaled.jpg","datePublished":"2023-09-24T07:07:32+00:00","dateModified":"2024-07-01T20:45:22+00:00","description":"Polo de Golf Pi\u00f1a Colada. Polo de golf 88% Poli\u00e9ster 12% Elastano. Perfecto para cualquier tipo de deporte. Es ligero y el\u00e1stico para una mejor movilidad.","breadcrumb":{"@id":"https:\/\/extravagance.es\/index.php\/product\/polo-de-golf-pina-colada\/#breadcrumb"},"inLanguage":"es","potentialAction":[{"@type":"ReadAction","target":["https:\/\/extravagance.es\/index.php\/product\/polo-de-golf-pina-colada\/"]}]},{"@type":"ImageObject","inLanguage":"es","@id":"https:\/\/extravagance.es\/index.php\/product\/polo-de-golf-pina-colada\/#primaryimage","url":"https:\/\/extravagance.es\/wp-content\/uploads\/2023\/09\/IMG_1504-scaled.jpg","contentUrl":"https:\/\/extravagance.es\/wp-content\/uploads\/2023\/09\/IMG_1504-scaled.jpg","width":1920,"height":2560},{"@type":"BreadcrumbList","@id":"https:\/\/extravagance.es\/index.php\/product\/polo-de-golf-pina-colada\/#breadcrumb","itemListElement":[{"@type":"ListItem","position":1,"name":"Portada","item":"https:\/\/extravagance.es\/"},{"@type":"ListItem","position":2,"name":"Tienda","item":"https:\/\/extravagance.es\/index.php\/tienda\/"},{"@type":"ListItem","position":3,"name":"Polo de Golf Pi\u00f1a Colada"}]},{"@type":"WebSite","@id":"https:\/\/extravagance.es\/#website","url":"https:\/\/extravagance.es\/","name":"EXTRAVAGANCE","description":"","publisher":{"@id":"https:\/\/extravagance.es\/#organization"},"potentialAction":[{"@type":"SearchAction","target":{"@type":"EntryPoint","urlTemplate":"https:\/\/extravagance.es\/?s={search_term_string}"},"query-input":{"@type":"PropertyValueSpecification","valueRequired":true,"valueName":"search_term_string"}}],"inLanguage":"es"},{"@type":"Organization","@id":"https:\/\/extravagance.es\/#organization","name":"EXTRAVAGANCE","url":"https:\/\/extravagance.es\/","logo":{"@type":"ImageObject","inLanguage":"es","@id":"https:\/\/extravagance.es\/#\/schema\/logo\/image\/","url":"https:\/\/extravagance.es\/wp-content\/uploads\/2023\/11\/cropped-cropped-LOGO-EX-TRANSPARENTE.png","contentUrl":"https:\/\/extravagance.es\/wp-content\/uploads\/2023\/11\/cropped-cropped-LOGO-EX-TRANSPARENTE.png","width":863,"height":896,"caption":"EXTRAVAGANCE"},"image":{"@id":"https:\/\/extravagance.es\/#\/schema\/logo\/image\/"}}]}},"uagb_featured_image_src":{"full":["https:\/\/extravagance.es\/wp-content\/uploads\/2023\/09\/IMG_1504-scaled.jpg",1920,2560,false],"thumbnail":["https:\/\/extravagance.es\/wp-content\/uploads\/2023\/09\/IMG_1504-150x150.jpg",150,150,true],"medium":["https:\/\/extravagance.es\/wp-content\/uploads\/2023\/09\/IMG_1504-225x300.jpg",225,300,true],"medium_large":["https:\/\/extravagance.es\/wp-content\/uploads\/2023\/09\/IMG_1504-768x1024.jpg",768,1024,true],"large":["https:\/\/extravagance.es\/wp-content\/uploads\/2023\/09\/IMG_1504-768x1024.jpg",768,1024,true],"1536x1536":["https:\/\/extravagance.es\/wp-content\/uploads\/2023\/09\/IMG_1504-1152x1536.jpg",1152,1536,true],"2048x2048":["https:\/\/extravagance.es\/wp-content\/uploads\/2023\/09\/IMG_1504-1536x2048.jpg",1536,2048,true],"woocommerce_thumbnail":["https:\/\/extravagance.es\/wp-content\/uploads\/2023\/09\/IMG_1504-300x300.jpg",300,300,true],"woocommerce_single":["https:\/\/extravagance.es\/wp-content\/uploads\/2023\/09\/IMG_1504-600x800.jpg",600,800,true],"woocommerce_gallery_thumbnail":["https:\/\/extravagance.es\/wp-content\/uploads\/2023\/09\/IMG_1504-100x100.jpg",100,100,true]},"uagb_author_info":{"display_name":"extravagance.es","author_link":"https:\/\/extravagance.es\/index.php\/author\/"},"uagb_comment_info":2,"uagb_excerpt":"Polo de golf de la mejor calidad, 88% Poli\u00e9ster 12% Elastano. Perfecto para cualquier tipo de deporte. Este polo de golf es ligero y el\u00e1stico permitiendo una gran libertad de movimiento. Transpirable al 100% y con el logotipo en el cuello. El modelo mide 175cm y pesa unos 70kg. Utiliza la talla S","_links":{"self":[{"href":"https:\/\/extravagance.es\/index.php\/wp-json\/wp\/v2\/product\/171","targetHints":{"allow":["GET"]}}],"collection":[{"href":"https:\/\/extravagance.es\/index.php\/wp-json\/wp\/v2\/product"}],"about":[{"href":"https:\/\/extravagance.es\/index.php\/wp-json\/wp\/v2\/types\/product"}],"replies":[{"embeddable":true,"href":"https:\/\/extravagance.es\/index.php\/wp-json\/wp\/v2\/comments?post=171"}],"wp:featuredmedia":[{"embeddable":true,"href":"https:\/\/extravagance.es\/index.php\/wp-json\/wp\/v2\/media\/84"}],"wp:attachment":[{"href":"https:\/\/extravagance.es\/index.php\/wp-json\/wp\/v2\/media?parent=171"}],"wp:term":[{"taxonomy":"product_brand","embeddable":true,"href":"https:\/\/extravagance.es\/index.php\/wp-json\/wp\/v2\/product_brand?post=171"},{"taxonomy":"product_cat","embeddable":true,"href":"https:\/\/extravagance.es\/index.php\/wp-json\/wp\/v2\/product_cat?post=171"},{"taxonomy":"product_tag","embeddable":true,"href":"https:\/\/extravagance.es\/index.php\/wp-json\/wp\/v2\/product_tag?post=171"}],"curies":[{"name":"wp","href":"https:\/\/api.w.org\/{rel}","templated":true}]}}