{"id":10,"date":"2023-06-12T16:51:00","date_gmt":"2023-06-12T16:51:00","guid":{"rendered":"http:\/\/extravagance.es\/?page_id=10"},"modified":"2023-10-16T15:26:13","modified_gmt":"2023-10-16T15:26:13","slug":"politica-de-envios-y-devoluciones","status":"publish","type":"page","link":"https:\/\/extravagance.es\/index.php\/politica-de-envios-y-devoluciones\/","title":{"rendered":"Politica de envios y devoluciones"},"content":{"rendered":"\t\t<div data-elementor-type=\"wp-page\" data-elementor-id=\"10\" class=\"elementor elementor-10\">\n\t\t\t\t\t\t<section class=\"elementor-section elementor-top-section elementor-element elementor-element-100bc29 elementor-section-boxed elementor-section-height-default elementor-section-height-default\" data-id=\"100bc29\" data-element_type=\"section\" data-e-type=\"section\">\n\t\t\t\t\t\t<div class=\"elementor-container elementor-column-gap-default\">\n\t\t\t\t\t<div class=\"elementor-column elementor-col-100 elementor-top-column elementor-element elementor-element-262084d\" data-id=\"262084d\" data-element_type=\"column\" data-e-type=\"column\">\n\t\t\t<div class=\"elementor-widget-wrap elementor-element-populated\">\n\t\t\t\t\t\t<div class=\"elementor-element elementor-element-118a786 elementor-widget elementor-widget-text-editor\" data-id=\"118a786\" data-element_type=\"widget\" data-e-type=\"widget\" data-widget_type=\"text-editor.default\">\n\t\t\t\t<div class=\"elementor-widget-container\">\n\t\t\t\t\t\t\t\t\t<p><span style=\"color: #000000;\"><strong>1. Env\u00edos<\/strong><\/span><\/p>\n<p><span style=\"color: #000000;\"><!-- \/wp:paragraph --><!-- wp:paragraph --><\/span><\/p>\n<p><span style=\"color: #000000;\">Como norma general, los paquetes se env\u00edan dentro de las 24 horas siguientes a la recepci\u00f3n del pago (excepto fines de semana), a trav\u00e9s de agencia de transporte. El env\u00edo suele tardar entre 24 y 48 horas para env\u00edos nacionales (pen\u00ednsula ib\u00e9rica). Para otros destinos puede contactar con nosotros sin compromiso. Los paquetes son procesados de lunes a viernes de 8:30 a 16:00, con lo cual, todo el pedido que entre fuera de este horario, ser\u00e1 procesado como m\u00ednimo el siguiente d\u00eda h\u00e1bil.<\/span><\/p>\n<p><span style=\"color: #000000;\"><!-- \/wp:paragraph --><!-- wp:paragraph --><\/span><\/p>\n<p>\u00a0<\/p>\n<p><span style=\"color: #000000;\"><!-- \/wp:paragraph --><!-- wp:paragraph --><\/span><\/p>\n<p><span style=\"color: #000000;\">Los gastos de env\u00edo incluyen los gastos de manipulaci\u00f3n y empaquetado, as\u00ed como los gastos postales.\u00a0<strong>Los gastos derivados de aduanas o impuestos en el destino, correr\u00e1n a cargo del cliente<\/strong>. La empresa no se hace responsable de los costes derivados que se produzcan por la gesti\u00f3n del paquete en destino (impuestos y aranceles).<\/span><\/p>\n<p><span style=\"color: #000000;\"><!-- \/wp:paragraph --><!-- wp:paragraph --><\/span><\/p>\n<p>\u00a0<\/p>\n<p><span style=\"color: #000000;\"><!-- \/wp:paragraph --><!-- wp:paragraph --><\/span><\/p>\n<p><span style=\"color: #000000;\"><strong>Env\u00edos a Islas Baleares:<\/strong>\u00a0los env\u00edos fuera de la pen\u00ednsula ser\u00e1n realizados tambi\u00e9n por agencia de transporte. En este caso el tiempo de env\u00edo se incrementa y ser\u00e1 de 3 a 4 d\u00edas h\u00e1biles.<\/span><\/p>\n<p><span style=\"color: #000000;\"><!-- \/wp:paragraph --><!-- wp:paragraph --><\/span><\/p>\n<p>\u00a0<\/p>\n<p><span style=\"color: #000000;\"><!-- \/wp:paragraph --><!-- wp:paragraph --><\/span><\/p>\n<p><span style=\"color: #000000;\"><strong>Env\u00edos a Canarias:<\/strong>\u00a0disponemos de un almac\u00e9n en Canarias. Desde aqu\u00ed podr\u00e1 realizar su pedido, con lo cual reducir\u00e1 considerablemente los costes de env\u00edo as\u00ed como los posibles problemas derivados de aduanas y costes a\u00f1adidos de impuestos al enviar desde la pen\u00ednsula.<\/span><\/p>\n<p><span style=\"color: #000000;\"><!-- \/wp:paragraph --><!-- wp:paragraph --><\/span><\/p>\n<p>\u00a0<\/p>\n<p><span style=\"color: #000000;\"><!-- \/wp:paragraph --><!-- wp:paragraph --><\/span><\/p>\n<p><span style=\"color: #000000;\"><strong>ATENCI\u00d3N<\/strong>\u00a0Algunos de nuestros env\u00edos pueden verse afectados por situaciones ajenas a nuestra empresa. Como pueden ser: huelgas de transporte y problemas puntuales en alguna de las agencias con las que trabajamos. Rogamos entiendan la situaci\u00f3n en caso de verse afectado su env\u00edo.<\/span><\/p>\n<p>\u00a0<\/p>\n<p><span style=\"color: #000000;\"><!-- \/wp:paragraph --><!-- wp:paragraph --><\/span><\/p>\n<p><span style=\"color: #000000;\"><!-- \/wp:paragraph --><!-- wp:paragraph --><\/span><\/p>\n<p><span style=\"color: #000000;\"><!-- \/wp:paragraph --><!-- wp:paragraph --><\/span><\/p>\n<p><span style=\"color: #000000;\"><!-- \/wp:paragraph --><!-- wp:paragraph --><\/span><\/p>\n<p><span style=\"color: #000000;\"><!-- \/wp:paragraph --><!-- wp:paragraph --><\/span><\/p>\n<p><span style=\"color: #000000;\"><strong>3. Devoluciones<\/strong><\/span><\/p>\n<p><span style=\"color: #000000;\"><!-- \/wp:paragraph --><!-- wp:paragraph --><\/span><\/p>\n<p><span style=\"color: #000000;\">La empresa\u00a0<strong>solamente aceptar\u00e1 devoluciones<\/strong>\u00a0de productos que cumplan las siguientes condiciones:<\/span><\/p>\n<p><span style=\"color: #000000;\"><!-- \/wp:paragraph --><!-- wp:paragraph --><\/span><\/p>\n<p>\u00a0<\/p>\n<p><span style=\"color: #000000;\"><!-- \/wp:paragraph --><!-- wp:paragraph --><\/span><\/p>\n<p><span style=\"color: #000000;\"><strong>3.1 Producto err\u00f3neo:<\/strong>\u00a0si el producto se devuelve por equivocaci\u00f3n del cliente, deber\u00e1 ser retornado a nuestras instalaciones por el m\u00e9todo que mejor convenga al cliente. En este caso,\u00a0<strong>el producto deber\u00e1 ser devuelto sin abrir<\/strong>, y en perfectas condiciones est\u00e9ticas (sin roturas o golpes visibles en el envase).<\/span><\/p>\n<p><span style=\"color: #000000;\"><!-- \/wp:paragraph --><!-- wp:paragraph --><\/span><\/p>\n<p>\u00a0<\/p>\n<p><span style=\"color: #000000;\"><!-- \/wp:paragraph --><!-- wp:paragraph --><\/span><\/p>\n<p><span style=\"color: #000000;\"><strong>3.2 Producto da\u00f1ado o deteriorado:<\/strong>\u00a0si ha recibido un paquete en malas condiciones, es posible que haya sido da\u00f1ado durante el transporte. En este caso, si a la hora de recibirlo detecta que el paquete ha podido ser da\u00f1ado o manipulado, indique en la confirmaci\u00f3n del transportista \u00abPendiente de revisi\u00f3n\u00bb, para comprobar que est\u00e9 todo correcto. En este caso, p\u00f3ngase en contacto con nosotros para tramitar la queja a la agencia de transportes, y realizar un reemplazo o reembolso seg\u00fan acordemos.<\/span><\/p>\n<p><span style=\"color: #000000;\"><!-- \/wp:paragraph --><!-- wp:paragraph --><\/span><\/p>\n<p>\u00a0<\/p>\n<p><span style=\"color: #000000;\"><!-- \/wp:paragraph --><!-- wp:paragraph --><\/span><\/p>\n<p><span style=\"color: #000000;\"><strong>3.3 No se admitir\u00e1n devoluciones de productos abiertos<\/strong>, a menos que sea por un problema de calidad del producto, que en tal caso podr\u00eda ser reclamado para estudiar el origen del problema.<\/span><\/p>\n<p><span style=\"color: #000000;\"><!-- \/wp:paragraph --><!-- wp:paragraph --><\/span><\/p>\n<p>\u00a0<\/p>\n<p><span style=\"color: #000000;\"><!-- \/wp:paragraph --><!-- wp:paragraph --><\/span><\/p>\n<p><span style=\"color: #000000;\"><strong>3.4 Una vez sea recibido el producto a devolver en nuestras instalaciones<\/strong>, ser\u00e1 revisado por nuestro personal para verificar que se encuentra en las condiciones mencionadas por el cliente. Tras esta revisi\u00f3n, se realizar\u00e1 el abono del importe del producto por la misma v\u00eda de pago que haya sido recibido el pago inicial.<\/span><\/p>\t\t\t\t\t\t\t\t<\/div>\n\t\t\t\t<\/div>\n\t\t\t\t\t<\/div>\n\t\t<\/div>\n\t\t\t\t\t<\/div>\n\t\t<\/section>\n\t\t\t\t<\/div>\n\t\t","protected":false},"excerpt":{"rendered":"<p>1. Env\u00edos Como norma general, los paquetes se env\u00edan dentro de las 24 horas siguientes a la recepci\u00f3n del pago (excepto fines de semana), a trav\u00e9s de agencia de transporte. El env\u00edo suele tardar entre 24 y 48 horas para env\u00edos nacionales (pen\u00ednsula ib\u00e9rica). Para otros destinos puede contactar con nosotros sin compromiso. Los paquetes [&hellip;]<\/p>\n","protected":false},"author":1,"featured_media":0,"parent":0,"menu_order":0,"comment_status":"closed","ping_status":"closed","template":"","meta":{"_uag_custom_page_level_css":"","site-sidebar-layout":"default","site-content-layout":"","ast-site-content-layout":"default","site-content-style":"default","site-sidebar-style":"default","ast-global-header-display":"","ast-banner-title-visibility":"","ast-main-header-display":"","ast-hfb-above-header-display":"","ast-hfb-below-header-display":"","ast-hfb-mobile-header-display":"","site-post-title":"","ast-breadcrumbs-content":"","ast-featured-img":"","footer-sml-layout":"","ast-disable-related-posts":"","theme-transparent-header-meta":"","adv-header-id-meta":"","stick-header-meta":"","header-above-stick-meta":"","header-main-stick-meta":"","header-below-stick-meta":"","astra-migrate-meta-layouts":"set","ast-page-background-enabled":"default","ast-page-background-meta":{"desktop":{"background-color":"var(--ast-global-color-4)","background-image":"","background-repeat":"repeat","background-position":"center center","background-size":"auto","background-attachment":"scroll","background-type":"","background-media":"","overlay-type":"","overlay-color":"","overlay-opacity":"","overlay-gradient":""},"tablet":{"background-color":"","background-image":"","background-repeat":"repeat","background-position":"center center","background-size":"auto","background-attachment":"scroll","background-type":"","background-media":"","overlay-type":"","overlay-color":"","overlay-opacity":"","overlay-gradient":""},"mobile":{"background-color":"","background-image":"","background-repeat":"repeat","background-position":"center center","background-size":"auto","background-attachment":"scroll","background-type":"","background-media":"","overlay-type":"","overlay-color":"","overlay-opacity":"","overlay-gradient":""}},"ast-content-background-meta":{"desktop":{"background-color":"var(--ast-global-color-5)","background-image":"","background-repeat":"repeat","background-position":"center center","background-size":"auto","background-attachment":"scroll","background-type":"","background-media":"","overlay-type":"","overlay-color":"","overlay-opacity":"","overlay-gradient":""},"tablet":{"background-color":"var(--ast-global-color-5)","background-image":"","background-repeat":"repeat","background-position":"center center","background-size":"auto","background-attachment":"scroll","background-type":"","background-media":"","overlay-type":"","overlay-color":"","overlay-opacity":"","overlay-gradient":""},"mobile":{"background-color":"var(--ast-global-color-5)","background-image":"","background-repeat":"repeat","background-position":"center center","background-size":"auto","background-attachment":"scroll","background-type":"","background-media":"","overlay-type":"","overlay-color":"","overlay-opacity":"","overlay-gradient":""}},"_joinchat":[],"footnotes":""},"class_list":["post-10","page","type-page","status-publish","hentry"],"yoast_head":"<!-- This site is optimized with the Yoast SEO plugin v27.4 - https:\/\/yoast.com\/product\/yoast-seo-wordpress\/ -->\n<title>Politica de envios y devoluciones - EXTRAVAGANCE<\/title>\n<meta name=\"robots\" content=\"index, follow, max-snippet:-1, max-image-preview:large, max-video-preview:-1\" \/>\n<link rel=\"canonical\" href=\"https:\/\/extravagance.es\/index.php\/politica-de-envios-y-devoluciones\/\" \/>\n<meta property=\"og:locale\" content=\"es_ES\" \/>\n<meta property=\"og:type\" content=\"article\" \/>\n<meta property=\"og:title\" content=\"Politica de envios y devoluciones - EXTRAVAGANCE\" \/>\n<meta property=\"og:description\" content=\"1. Env\u00edos Como norma general, los paquetes se env\u00edan dentro de las 24 horas siguientes a la recepci\u00f3n del pago (excepto fines de semana), a trav\u00e9s de agencia de transporte. El env\u00edo suele tardar entre 24 y 48 horas para env\u00edos nacionales (pen\u00ednsula ib\u00e9rica). Para otros destinos puede contactar con nosotros sin compromiso. Los paquetes [&hellip;]\" \/>\n<meta property=\"og:url\" content=\"https:\/\/extravagance.es\/index.php\/politica-de-envios-y-devoluciones\/\" \/>\n<meta property=\"og:site_name\" content=\"EXTRAVAGANCE\" \/>\n<meta property=\"article:modified_time\" content=\"2023-10-16T15:26:13+00:00\" \/>\n<meta name=\"twitter:card\" content=\"summary_large_image\" \/>\n<script type=\"application\/ld+json\" class=\"yoast-schema-graph\">{\"@context\":\"https:\\\/\\\/schema.org\",\"@graph\":[{\"@type\":\"WebPage\",\"@id\":\"https:\\\/\\\/extravagance.es\\\/index.php\\\/politica-de-envios-y-devoluciones\\\/\",\"url\":\"https:\\\/\\\/extravagance.es\\\/index.php\\\/politica-de-envios-y-devoluciones\\\/\",\"name\":\"Politica de envios y devoluciones - EXTRAVAGANCE\",\"isPartOf\":{\"@id\":\"https:\\\/\\\/extravagance.es\\\/#website\"},\"datePublished\":\"2023-06-12T16:51:00+00:00\",\"dateModified\":\"2023-10-16T15:26:13+00:00\",\"breadcrumb\":{\"@id\":\"https:\\\/\\\/extravagance.es\\\/index.php\\\/politica-de-envios-y-devoluciones\\\/#breadcrumb\"},\"inLanguage\":\"es\",\"potentialAction\":[{\"@type\":\"ReadAction\",\"target\":[\"https:\\\/\\\/extravagance.es\\\/index.php\\\/politica-de-envios-y-devoluciones\\\/\"]}]},{\"@type\":\"BreadcrumbList\",\"@id\":\"https:\\\/\\\/extravagance.es\\\/index.php\\\/politica-de-envios-y-devoluciones\\\/#breadcrumb\",\"itemListElement\":[{\"@type\":\"ListItem\",\"position\":1,\"name\":\"Portada\",\"item\":\"https:\\\/\\\/extravagance.es\\\/\"},{\"@type\":\"ListItem\",\"position\":2,\"name\":\"Politica de envios y devoluciones\"}]},{\"@type\":\"WebSite\",\"@id\":\"https:\\\/\\\/extravagance.es\\\/#website\",\"url\":\"https:\\\/\\\/extravagance.es\\\/\",\"name\":\"EXTRAVAGANCE\",\"description\":\"\",\"publisher\":{\"@id\":\"https:\\\/\\\/extravagance.es\\\/#organization\"},\"potentialAction\":[{\"@type\":\"SearchAction\",\"target\":{\"@type\":\"EntryPoint\",\"urlTemplate\":\"https:\\\/\\\/extravagance.es\\\/?s={search_term_string}\"},\"query-input\":{\"@type\":\"PropertyValueSpecification\",\"valueRequired\":true,\"valueName\":\"search_term_string\"}}],\"inLanguage\":\"es\"},{\"@type\":\"Organization\",\"@id\":\"https:\\\/\\\/extravagance.es\\\/#organization\",\"name\":\"EXTRAVAGANCE\",\"url\":\"https:\\\/\\\/extravagance.es\\\/\",\"logo\":{\"@type\":\"ImageObject\",\"inLanguage\":\"es\",\"@id\":\"https:\\\/\\\/extravagance.es\\\/#\\\/schema\\\/logo\\\/image\\\/\",\"url\":\"https:\\\/\\\/extravagance.es\\\/wp-content\\\/uploads\\\/2023\\\/11\\\/cropped-cropped-LOGO-EX-TRANSPARENTE.png\",\"contentUrl\":\"https:\\\/\\\/extravagance.es\\\/wp-content\\\/uploads\\\/2023\\\/11\\\/cropped-cropped-LOGO-EX-TRANSPARENTE.png\",\"width\":863,\"height\":896,\"caption\":\"EXTRAVAGANCE\"},\"image\":{\"@id\":\"https:\\\/\\\/extravagance.es\\\/#\\\/schema\\\/logo\\\/image\\\/\"}}]}<\/script>\n<!-- \/ Yoast SEO plugin. -->","yoast_head_json":{"title":"Politica de envios y devoluciones - EXTRAVAGANCE","robots":{"index":"index","follow":"follow","max-snippet":"max-snippet:-1","max-image-preview":"max-image-preview:large","max-video-preview":"max-video-preview:-1"},"canonical":"https:\/\/extravagance.es\/index.php\/politica-de-envios-y-devoluciones\/","og_locale":"es_ES","og_type":"article","og_title":"Politica de envios y devoluciones - EXTRAVAGANCE","og_description":"1. Env\u00edos Como norma general, los paquetes se env\u00edan dentro de las 24 horas siguientes a la recepci\u00f3n del pago (excepto fines de semana), a trav\u00e9s de agencia de transporte. El env\u00edo suele tardar entre 24 y 48 horas para env\u00edos nacionales (pen\u00ednsula ib\u00e9rica). Para otros destinos puede contactar con nosotros sin compromiso. Los paquetes [&hellip;]","og_url":"https:\/\/extravagance.es\/index.php\/politica-de-envios-y-devoluciones\/","og_site_name":"EXTRAVAGANCE","article_modified_time":"2023-10-16T15:26:13+00:00","twitter_card":"summary_large_image","schema":{"@context":"https:\/\/schema.org","@graph":[{"@type":"WebPage","@id":"https:\/\/extravagance.es\/index.php\/politica-de-envios-y-devoluciones\/","url":"https:\/\/extravagance.es\/index.php\/politica-de-envios-y-devoluciones\/","name":"Politica de envios y devoluciones - EXTRAVAGANCE","isPartOf":{"@id":"https:\/\/extravagance.es\/#website"},"datePublished":"2023-06-12T16:51:00+00:00","dateModified":"2023-10-16T15:26:13+00:00","breadcrumb":{"@id":"https:\/\/extravagance.es\/index.php\/politica-de-envios-y-devoluciones\/#breadcrumb"},"inLanguage":"es","potentialAction":[{"@type":"ReadAction","target":["https:\/\/extravagance.es\/index.php\/politica-de-envios-y-devoluciones\/"]}]},{"@type":"BreadcrumbList","@id":"https:\/\/extravagance.es\/index.php\/politica-de-envios-y-devoluciones\/#breadcrumb","itemListElement":[{"@type":"ListItem","position":1,"name":"Portada","item":"https:\/\/extravagance.es\/"},{"@type":"ListItem","position":2,"name":"Politica de envios y devoluciones"}]},{"@type":"WebSite","@id":"https:\/\/extravagance.es\/#website","url":"https:\/\/extravagance.es\/","name":"EXTRAVAGANCE","description":"","publisher":{"@id":"https:\/\/extravagance.es\/#organization"},"potentialAction":[{"@type":"SearchAction","target":{"@type":"EntryPoint","urlTemplate":"https:\/\/extravagance.es\/?s={search_term_string}"},"query-input":{"@type":"PropertyValueSpecification","valueRequired":true,"valueName":"search_term_string"}}],"inLanguage":"es"},{"@type":"Organization","@id":"https:\/\/extravagance.es\/#organization","name":"EXTRAVAGANCE","url":"https:\/\/extravagance.es\/","logo":{"@type":"ImageObject","inLanguage":"es","@id":"https:\/\/extravagance.es\/#\/schema\/logo\/image\/","url":"https:\/\/extravagance.es\/wp-content\/uploads\/2023\/11\/cropped-cropped-LOGO-EX-TRANSPARENTE.png","contentUrl":"https:\/\/extravagance.es\/wp-content\/uploads\/2023\/11\/cropped-cropped-LOGO-EX-TRANSPARENTE.png","width":863,"height":896,"caption":"EXTRAVAGANCE"},"image":{"@id":"https:\/\/extravagance.es\/#\/schema\/logo\/image\/"}}]}},"uagb_featured_image_src":{"full":false,"thumbnail":false,"medium":false,"medium_large":false,"large":false,"1536x1536":false,"2048x2048":false,"woocommerce_thumbnail":false,"woocommerce_single":false,"woocommerce_gallery_thumbnail":false},"uagb_author_info":{"display_name":"extravagance.es","author_link":"https:\/\/extravagance.es\/index.php\/author\/extravagance-es\/"},"uagb_comment_info":0,"uagb_excerpt":"1. Env\u00edos Como norma general, los paquetes se env\u00edan dentro de las 24 horas siguientes a la recepci\u00f3n del pago (excepto fines de semana), a trav\u00e9s de agencia de transporte. El env\u00edo suele tardar entre 24 y 48 horas para env\u00edos nacionales (pen\u00ednsula ib\u00e9rica). Para otros destinos puede contactar con nosotros sin compromiso. Los paquetes&hellip;","_links":{"self":[{"href":"https:\/\/extravagance.es\/index.php\/wp-json\/wp\/v2\/pages\/10","targetHints":{"allow":["GET"]}}],"collection":[{"href":"https:\/\/extravagance.es\/index.php\/wp-json\/wp\/v2\/pages"}],"about":[{"href":"https:\/\/extravagance.es\/index.php\/wp-json\/wp\/v2\/types\/page"}],"author":[{"embeddable":true,"href":"https:\/\/extravagance.es\/index.php\/wp-json\/wp\/v2\/users\/1"}],"replies":[{"embeddable":true,"href":"https:\/\/extravagance.es\/index.php\/wp-json\/wp\/v2\/comments?post=10"}],"version-history":[{"count":11,"href":"https:\/\/extravagance.es\/index.php\/wp-json\/wp\/v2\/pages\/10\/revisions"}],"predecessor-version":[{"id":267,"href":"https:\/\/extravagance.es\/index.php\/wp-json\/wp\/v2\/pages\/10\/revisions\/267"}],"wp:attachment":[{"href":"https:\/\/extravagance.es\/index.php\/wp-json\/wp\/v2\/media?parent=10"}],"curies":[{"name":"wp","href":"https:\/\/api.w.org\/{rel}","templated":true}]}}